{"id":763,"date":"2020-03-24T09:19:40","date_gmt":"2020-03-24T08:19:40","guid":{"rendered":"http:\/\/dev.bridge-consult.eu\/datenschutz\/"},"modified":"2020-03-29T11:56:31","modified_gmt":"2020-03-29T09:56:31","slug":"politica-de-privacidad","status":"publish","type":"page","link":"https:\/\/www.bridge-consult.eu\/es\/politica-de-privacidad\/","title":{"rendered":"Pol\u00edtica de privacidad"},"content":{"rendered":"<div class=\"fusion-fullwidth fullwidth-box fusion-builder-row-1 fusion-parallax-fixed nonhundred-percent-fullwidth non-hundred-percent-height-scrolling\" style=\"background-color: rgba(255,255,255,0);background-image: url(&quot;https:\/\/www.bridge-consult.eu\/wp-content\/uploads\/2020\/03\/karierrebg.jpg&quot;);background-position: center bottom;background-repeat: no-repeat;padding-top:300px;padding-right:0px;padding-bottom:200px;padding-left:0px;margin-bottom: 0px;margin-top: 0px;border-width: 0px 0px 0px 0px;border-color:#eae9e9;border-style:solid;-webkit-background-size:cover;-moz-background-size:cover;-o-background-size:cover;background-size:cover;background-attachment:fixed;\" ><div class=\"fusion-builder-row fusion-row\"><div class=\"fusion-layout-column fusion_builder_column fusion-builder-column-0 fusion_builder_column_1_1 1_1 fusion-one-full fusion-column-first fusion-column-last fusion-animated\" style=\"margin-top:0px;margin-bottom:0px;\" data-animationType=\"zoomIn\" data-animationDuration=\"1.0\" data-animationOffset=\"top-into-view\"><div class=\"fusion-column-wrapper fusion-flex-column-wrapper-legacy\" style=\"background-position:left top;background-repeat:no-repeat;-webkit-background-size:cover;-moz-background-size:cover;-o-background-size:cover;background-size:cover;border-radius:0px 120px 0px 0px;background-color:rgba(71,71,71,0.78);border-radius:0px 120px 0px 0px;overflow:hidden;padding: 2% 2% 2% 2%;\"><style type=\"text\/css\">.fusion-breadcrumbs.fusion-breadcrumbs-1{font-size:12px;}.fusion-breadcrumbs.fusion-breadcrumbs-1 span a:hover{color:#ff9800 !important;}.fusion-breadcrumbs.fusion-breadcrumbs-1{color:#ffffff;}.fusion-breadcrumbs.fusion-breadcrumbs-1 a{color:#ffffff;}<\/style><div class=\"fusion-breadcrumbs fusion-breadcrumbs-1\"><span class=\"fusion-breadcrumb-item\"><a href=\"https:\/\/www.bridge-consult.eu\/es\/\" class=\"fusion-breadcrumb-link\"><span >Home<\/span><\/a><\/span><span class=\"fusion-breadcrumb-sep\">\/<\/span><\/div><div class=\"fusion-sep-clear\"><\/div><div class=\"fusion-separator fusion-full-width-sep\" style=\"margin-left: auto;margin-right: auto;margin-bottom:30px;width:100%;\"><div class=\"fusion-separator-border sep-single sep-solid\" style=\"border-color:#ff9800;border-top-width:20px;\"><\/div><\/div><div class=\"fusion-sep-clear\"><\/div><div class=\"fusion-text fusion-text-1\"><h4 style=\"text-align: center;\">EL \u00c9XITO SIGNIFICA CENTRARSE EN LO ESENCIAL<\/h4>\n<\/div><div class=\"fusion-text fusion-text-2\"><div id=\"imgTop\">\u00a0<\/div>\n<div id=\"navi\">\n<div id=\"login\">\n<div id=\"anmelden\">\u00a0<\/div>\n<\/div>\n<\/div>\n<div id=\"content\">\n<p>pol\u00edtica de privacidad<br \/>&#8212;&#8212;&#8212;&#8212;&#8212;&#8212;&#8211;<\/p>\n<p>1) Informaci\u00f3n sobre la recopilaci\u00f3n de datos personales y datos de contacto de la persona responsable<br \/>1.1 Nos complace que visite nuestro sitio web y le agradecemos su inter\u00e9s. A continuaci\u00f3n le informamos sobre el manejo de sus datos personales cuando utiliza nuestro sitio web. Los datos personales son todos los datos que le permiten ser identificado personalmente.<br \/>1.2 Responsable de procesamiento de datos en este sitio web en t\u00e9rminos del Reglamento de Protecci\u00f3n de Datos (Regulaci\u00f3n de la privacidad) es Alexander Fink, Dientzenhoferstra\u00dfe 6a, 83052 Bruckm\u00fchl, Alemania, Tel.: +49 (0) 8062\/72 83 633, correo electr\u00f3nico: info@bridge-consult.eu. La persona responsable del procesamiento de los datos personales es la persona f\u00edsica o jur\u00eddica que, sola o en conjunto con otras personas, decide los fines y los medios de procesamiento de los datos personales.<\/p>\n<p>2) Recopilaci\u00f3n de datos al visitar nuestro sitio web<br \/>En el uso meramente informativo de nuestra p\u00e1gina web, por lo que si no se registra o nos proporciona informaci\u00f3n que s\u00f3lo recogemos lo contrario (la llamada. \u00abLos registros del servidor\u00bb) dichos datos transmitidos por su navegador a nuestro servidor. Cuando visita nuestro sitio web, recopilamos la siguiente informaci\u00f3n que es t\u00e9cnicamente necesaria para que podamos mostrar el sitio web:<br \/>&#8211; Nuestro sitio web visitado<br \/>&#8211; Fecha y hora en el momento del acceso<br \/>&#8211; Cantidad de datos enviados en bytes<br \/>&#8211; Fuente \/ referencia desde la que lleg\u00f3 al sitio<br \/>&#8211; Navegador utilizado<br \/>&#8211; Sistema operativo utilizado<br \/>&#8211; Direcci\u00f3n IP utilizada (si es necesario: de forma an\u00f3nima)<br \/>El procesamiento se lleva a cabo de acuerdo con el Art. 6 p\u00e1rrafo 1 lit. f Regulaci\u00f3n de la privacidad basado en nuestro inter\u00e9s leg\u00edtimo en mejorar la estabilidad y la funcionalidad de nuestro sitio web. No se realiza una transferencia u otro uso de los datos. Sin embargo, nos reservamos el derecho de revisar retrospectivamente los archivos de registro del servidor si la evidencia concreta apunta a un uso ilegal.<\/p>\n<p>3) cookies<br \/>Para que la visita a nuestro sitio web sea atractiva y para permitir el uso de ciertas funciones, utilizamos las llamadas cookies en varias p\u00e1ginas. Estos son peque\u00f1os archivos de texto que est\u00e1n almacenados en su dispositivo. Algunas de las cookies que utilizamos se basan en el final de la sesi\u00f3n de navegaci\u00f3n, por lo que despu\u00e9s de cerrar el navegador, eliminado (la llamada. Las cookies de sesi\u00f3n). Otras cookies permanecen en su dispositivo y permiten que nosotros o nuestro afiliado (cookies de terceros) reconozcan su navegador en su pr\u00f3xima visita (cookies persistentes). Si se establecen cookies, recopilan y procesan informaci\u00f3n individual del usuario, como el navegador y los datos de ubicaci\u00f3n, as\u00ed como los valores de la direcci\u00f3n IP de forma individual. Las cookies persistentes se eliminan autom\u00e1ticamente despu\u00e9s de un per\u00edodo espec\u00edfico, que puede diferir seg\u00fan la cookie.<br \/>En la medida en que las cookies personales tambi\u00e9n son procesadas por cookies individuales implementadas por nosotros, el procesamiento se lleva a cabo de acuerdo con el Art. 6 p\u00e1rrafo 1 lit. f Regulaci\u00f3n de la privacidad para salvaguardar nuestros intereses leg\u00edtimos en la mejor funcionalidad posible del sitio web, as\u00ed como un dise\u00f1o eficaz y amigable para el cliente de la visita a la p\u00e1gina.<br \/>Podemos trabajar con socios publicitarios para ayudarnos a hacer que nuestro sitio web sea m\u00e1s interesante para usted. Con este fin, ser\u00e1 salvo (cookies de terceros) para este caso cuando visite nuestro sitio web y cookies de compa\u00f1\u00edas asociadas en su disco duro. Si trabajamos con socios de publicidad antes mencionados, se le informar\u00e1 de forma individual y por separado en el uso de dichas cookies y la cantidad de informaci\u00f3n que cada recogida dentro de los siguientes p\u00e1rrafos.<br \/>Tenga en cuenta que puede configurar su navegador para que est\u00e9 informado sobre la configuraci\u00f3n de cookies y decidir individualmente sobre su aceptaci\u00f3n o puede excluir la aceptaci\u00f3n de cookies para casos espec\u00edficos o en general. Cada navegador difiere en la forma en que administra la configuraci\u00f3n de las cookies. Esto se describe en el men\u00fa Ayuda de cada navegador, que explica c\u00f3mo cambiar la configuraci\u00f3n de cookies. Estos se pueden encontrar para el navegador respectivo en los siguientes enlaces:<br \/>Internet Explorer: http:\/\/windows.microsoft.com\/en-US\/windows-vista\/Block-or-allow-cookies<br \/>Firefox: https:\/\/support.mozilla.org\/en\/kb\/cookies-allow-and-dispose<br \/>Cromo: http:\/\/support.google.com\/chrome\/bin\/answer.py?hl=de&amp;hlrm=en&amp;answer=95647<br \/>Safari: https:\/\/support.apple.com\/kb\/ph21411?locale=en_US<br \/>Opera: http:\/\/help.opera.com\/Windows\/10.20\/en\/cookies.html<br \/>Tenga en cuenta que si no acepta cookies, la funcionalidad de nuestro sitio web puede ser limitada.<\/p>\n<p>4) contacto<br \/>Al contactarnos (por ejemplo, a trav\u00e9s de un formulario de contacto o correo electr\u00f3nico), se recopilan datos personales. Los datos que se recopilan en el caso de un formulario de contacto se pueden ver en el formulario de contacto correspondiente. Estos datos se almacenan y utilizan \u00fanicamente con el fin de responder a su solicitud o para establecer contacto y la administraci\u00f3n t\u00e9cnica asociada. La base legal para procesar los datos es nuestro inter\u00e9s leg\u00edtimo en responder a su solicitud de conformidad con el Art. 6 p\u00e1rrafo 1 lit. f Regulaci\u00f3n de la privacidad. Si su contacto tiene como objetivo concluir un contrato, la base legal adicional para el procesamiento es el Art. 6 p\u00e1rrafo 1 lit. b Regulaci\u00f3n de la privacidad. Sus datos ser\u00e1n eliminados despu\u00e9s de procesar su solicitud definitiva, este es el caso, puede ser visto desde las circunstancias que la cuesti\u00f3n se ha resuelto afectada y, a menos que no hay requisitos legales de retenci\u00f3n.<\/p>\n<p>5) Derechos de la persona involucrada<br \/>5.1 La ley de protecci\u00f3n de datos aplicable le otorga amplios derechos de protecci\u00f3n de datos (informaci\u00f3n y derechos de intervenci\u00f3n) a la persona responsable con respecto al procesamiento de sus datos personales, que le informaremos a continuaci\u00f3n:<br \/>&#8211; Derecho a la informaci\u00f3n de conformidad con el art\u00edculo 15 Regulaci\u00f3n de la privacidad: Tienen en particular, el derecho a la informaci\u00f3n sobre sus procesados \u200b\u200bpor nosotros con fines de tratamiento de datos personales, las categor\u00edas de datos personales tratados, los destinatarios o categor\u00edas de destinatarios a los que sus datos han sido revelados o aquello. per\u00edodo de almacenamiento previsto o los criterios para determinar el per\u00edodo de validez, la existencia de un derecho de corregir, eliminar o restringir el objeto de procesamiento para el procesamiento, queja ante un organismo regulador, la fuente de su informaci\u00f3n si no se recogieron por nosotros de que, la existencia de una toma de decisiones automatizadas, incluyendo perfiles y posiblemente informaci\u00f3n significativa acerca de la l\u00f3gica utilizada y \u00e1mbito en cuesti\u00f3n y el impacto deseado de dicho tratamiento, as\u00ed como su derecho a la informaci\u00f3n, lo que garantiza de conformidad con el Art. 46 Regulaci\u00f3n de la privacidad si enrutado Sus datos a terceros pa\u00edses;<br \/>&#8211; Derecho a correcci\u00f3n seg\u00fan el Art. 16 GDPR: tiene derecho a la correcci\u00f3n inmediata de los datos incorrectos que le conciernen y \/ o la finalizaci\u00f3n de sus datos incompletos almacenados por nosotros;<br \/>&#8211; Derecho de cancelaci\u00f3n de conformidad con el art\u00edculo 17 Regulaci\u00f3n de la privacidad: Usted tiene el derecho de borrar sus datos personales si los requisitos del art\u00edculo 17, p\u00e1rrafo 1 a Regulaci\u00f3n de la privacidad requieren &#8230; Sin embargo, se requiere que este derecho no existe en particular cuando el procesamiento de ejercer su derecho a la libertad de expresi\u00f3n e informaci\u00f3n, para cumplir con una obligaci\u00f3n legal, por razones de inter\u00e9s p\u00fablico o para el reconocimiento, ejercicio o defensa de demandas legales;<br \/>&#8211; El derecho a la limitaci\u00f3n de procesamiento de acuerdo con el art\u00edculo 18 Regulaci\u00f3n de la privacidad: Tienes que pedir la restricci\u00f3n del uso de sus datos personales, siempre y cuando las disputadas a corregir ser\u00e1n comprobados sus datos cuando rechace una eliminaci\u00f3n de sus datos debido al procesamiento de datos inadecuada y en lugar de la derecha restringir el procesamiento de su solicitud de datos, si est\u00e1 usando los datos para el reconocimiento, ejercicio o defensa de un derecho legal despu\u00e9s de que ya no necesitamos la informaci\u00f3n sobre el prop\u00f3sito de alcanzar o si ha presentado una objeci\u00f3n sobre la base de su situaci\u00f3n particular, pero no mientras haya determinado si nuestra razones leg\u00edtimas prevalecen;<br \/>&#8211; Derecho a la informaci\u00f3n en virtud del art\u00edculo 19 Regulaci\u00f3n de la privacidad: Hecho \u00bfTiene el derecho de rectificaci\u00f3n, supresi\u00f3n o restricci\u00f3n de procesamiento en relaci\u00f3n a la carga sostiene se ha comprometido a esto, todos los destinatarios a los que se ha dado a conocer los datos personales, esta correcci\u00f3n o supresi\u00f3n de datos o limitaci\u00f3n del procesamiento, a menos que demuestre ser imposible o desproporcionado. Usted tiene derecho a ser informado sobre estos destinatarios.<br \/>&#8211; El derecho a la portabilidad de los datos en virtud del art\u00edculo 20 Regulaci\u00f3n de la privacidad: Tienes que conseguir en un formato estructurado, consistente y maschinenlesebaren, el derecho de revelar su informaci\u00f3n personal que nosotros, o la entrega haya proporcionado a otra persona responsable de exigir, en la medida t\u00e9cnicamente factible ;<br \/>&#8211; Derecho a la revocaci\u00f3n del consentimiento en virtud del art\u00edculo 7 3 Regulaci\u00f3n de la privacidad: siempre hay que revocar para el futuro la correcta una vez dado su consentimiento para el tratamiento de los datos. En caso de cancelaci\u00f3n vamos a borrar los datos pertinentes de inmediato, salvo que tal elaboraci\u00f3n no puede basarse en una base jur\u00eddica para el tratamiento sin consentimiento. Por la revocaci\u00f3n del consentimiento de la legalidad hasta la revocaci\u00f3n se produjo a causa del proceso de consentimiento no se ve afectada;<br \/>&#8211; El derecho a apelar en virtud del art\u00edculo 77 Regulaci\u00f3n de la privacidad: Si usted es de la opini\u00f3n de que el tratamiento de los datos personales relativos contra el contrario Regulaci\u00f3n de la privacidad, que tiene &#8211; sin perjuicio de las acciones de otro modo administrativos o legales, &#8211; el derecho a reclamar ante una autoridad de supervisi\u00f3n, en particular en el Estado miembro de su ubicaci\u00f3n, su lugar de trabajo o lugar de la supuesta infracci\u00f3n.<br \/>5.2 DERECHO DE OPOSICI\u00d3N<br \/>SI EN UN consideraciones de inter\u00e9s sus datos personales debido a nuestro inter\u00e9s primordial en proceso, TIENE DERECHO a cualquier plazo, por razones provenientes de su situaci\u00f3n mostrada CONTRA EL CONFLICTO DE PROCESAMIENTO CON EFECTO PARA EL FUTURO apelaci\u00f3n.<br \/>Que el derecho de uso, detener el procesamiento de los datos DATA. A ACABADO RESTOS pero se reserv\u00f3 CUANDO protecci\u00f3n obligatoria digno causas para procesamiento puede demostrar sus intereses, derechos y libertades fundamentales de pesaje o si el procesamiento de la ejecuci\u00f3n, ejercicio o defensa de demandas judiciales sirve.<br \/>\u00bfSon sus datos personales tratados por los Estados Unidos al correo directo HACER FUNCIONAR EL DERECHO, EN CUALQUIER MOMENTO contra la oposici\u00f3n AL TRATAMIENTO DE DATOS PERSONALES ASUNTO TERMINADO PARA LOS PROP\u00d3SITOS DE apelaci\u00f3n de publicidad, tales. PUEDE EJERCER LO CONTRARIO COMO SE DESCRIBE ARRIBA.<br \/>Que el derecho de uso, detener el procesamiento de los datos DATA PROP\u00d3SITOS publicidad directa.<\/p>\n<p>6) Duraci\u00f3n del almacenamiento de los datos personales<br \/>La duraci\u00f3n de almacenamiento de los datos personales se determina bas\u00e1ndose en el respectivo per\u00edodo de almacenamiento legal (per\u00edodos por ejemplo, comerciales y de retenci\u00f3n de impuestos). Despu\u00e9s de la fecha l\u00edmite, los datos correspondientes se eliminan rutinariamente, si ya no son necesarios para cumplir el contrato o para iniciar un contrato y \/ o por nuestra parte, no persiste ning\u00fan inter\u00e9s leg\u00edtimo en el re-almacenamiento<\/p>\n<\/div>\n<\/div><div class=\"fusion-clearfix\"><\/div><\/div><\/div><\/div><\/div>\n","protected":false},"excerpt":{"rendered":"","protected":false},"author":1,"featured_media":0,"parent":0,"menu_order":0,"comment_status":"closed","ping_status":"closed","template":"100-width.php","meta":{"footnotes":""},"class_list":["post-763","page","type-page","status-publish","hentry"],"yoast_head":"<!-- This site is optimized with the Yoast SEO plugin v24.4 - https:\/\/yoast.com\/wordpress\/plugins\/seo\/ -->\n<title>Pol\u00edtica de privacidad - Bridge Consult<\/title>\n<meta name=\"robots\" content=\"index, follow, max-snippet:-1, max-image-preview:large, max-video-preview:-1\" \/>\n<link rel=\"canonical\" href=\"https:\/\/www.bridge-consult.eu\/es\/politica-de-privacidad\/\" \/>\n<meta property=\"og:locale\" content=\"es_ES\" \/>\n<meta property=\"og:type\" content=\"article\" \/>\n<meta property=\"og:title\" content=\"Pol\u00edtica de privacidad - Bridge Consult\" \/>\n<meta property=\"og:url\" content=\"https:\/\/www.bridge-consult.eu\/es\/politica-de-privacidad\/\" \/>\n<meta property=\"og:site_name\" content=\"Bridge Consult\" \/>\n<meta property=\"article:modified_time\" content=\"2020-03-29T09:56:31+00:00\" \/>\n<meta name=\"twitter:card\" content=\"summary_large_image\" \/>\n<meta name=\"twitter:label1\" content=\"Tiempo de lectura\" \/>\n\t<meta name=\"twitter:data1\" content=\"13 minutos\" \/>\n<script type=\"application\/ld+json\" class=\"yoast-schema-graph\">{\"@context\":\"https:\/\/schema.org\",\"@graph\":[{\"@type\":\"WebPage\",\"@id\":\"https:\/\/www.bridge-consult.eu\/es\/politica-de-privacidad\/\",\"url\":\"https:\/\/www.bridge-consult.eu\/es\/politica-de-privacidad\/\",\"name\":\"Pol\u00edtica de privacidad - Bridge Consult\",\"isPartOf\":{\"@id\":\"https:\/\/www.bridge-consult.eu\/#website\"},\"datePublished\":\"2020-03-24T08:19:40+00:00\",\"dateModified\":\"2020-03-29T09:56:31+00:00\",\"breadcrumb\":{\"@id\":\"https:\/\/www.bridge-consult.eu\/es\/politica-de-privacidad\/#breadcrumb\"},\"inLanguage\":\"es\",\"potentialAction\":[{\"@type\":\"ReadAction\",\"target\":[\"https:\/\/www.bridge-consult.eu\/es\/politica-de-privacidad\/\"]}]},{\"@type\":\"BreadcrumbList\",\"@id\":\"https:\/\/www.bridge-consult.eu\/es\/politica-de-privacidad\/#breadcrumb\",\"itemListElement\":[{\"@type\":\"ListItem\",\"position\":1,\"name\":\"Startseite\",\"item\":\"https:\/\/www.bridge-consult.eu\/es\/\"},{\"@type\":\"ListItem\",\"position\":2,\"name\":\"Pol\u00edtica de privacidad\"}]},{\"@type\":\"WebSite\",\"@id\":\"https:\/\/www.bridge-consult.eu\/#website\",\"url\":\"https:\/\/www.bridge-consult.eu\/\",\"name\":\"Bridge Consult\",\"description\":\"\",\"potentialAction\":[{\"@type\":\"SearchAction\",\"target\":{\"@type\":\"EntryPoint\",\"urlTemplate\":\"https:\/\/www.bridge-consult.eu\/?s={search_term_string}\"},\"query-input\":{\"@type\":\"PropertyValueSpecification\",\"valueRequired\":true,\"valueName\":\"search_term_string\"}}],\"inLanguage\":\"es\"}]}<\/script>\n<!-- \/ Yoast SEO plugin. -->","yoast_head_json":{"title":"Pol\u00edtica de privacidad - Bridge Consult","robots":{"index":"index","follow":"follow","max-snippet":"max-snippet:-1","max-image-preview":"max-image-preview:large","max-video-preview":"max-video-preview:-1"},"canonical":"https:\/\/www.bridge-consult.eu\/es\/politica-de-privacidad\/","og_locale":"es_ES","og_type":"article","og_title":"Pol\u00edtica de privacidad - Bridge Consult","og_url":"https:\/\/www.bridge-consult.eu\/es\/politica-de-privacidad\/","og_site_name":"Bridge Consult","article_modified_time":"2020-03-29T09:56:31+00:00","twitter_card":"summary_large_image","twitter_misc":{"Tiempo de lectura":"13 minutos"},"schema":{"@context":"https:\/\/schema.org","@graph":[{"@type":"WebPage","@id":"https:\/\/www.bridge-consult.eu\/es\/politica-de-privacidad\/","url":"https:\/\/www.bridge-consult.eu\/es\/politica-de-privacidad\/","name":"Pol\u00edtica de privacidad - Bridge Consult","isPartOf":{"@id":"https:\/\/www.bridge-consult.eu\/#website"},"datePublished":"2020-03-24T08:19:40+00:00","dateModified":"2020-03-29T09:56:31+00:00","breadcrumb":{"@id":"https:\/\/www.bridge-consult.eu\/es\/politica-de-privacidad\/#breadcrumb"},"inLanguage":"es","potentialAction":[{"@type":"ReadAction","target":["https:\/\/www.bridge-consult.eu\/es\/politica-de-privacidad\/"]}]},{"@type":"BreadcrumbList","@id":"https:\/\/www.bridge-consult.eu\/es\/politica-de-privacidad\/#breadcrumb","itemListElement":[{"@type":"ListItem","position":1,"name":"Startseite","item":"https:\/\/www.bridge-consult.eu\/es\/"},{"@type":"ListItem","position":2,"name":"Pol\u00edtica de privacidad"}]},{"@type":"WebSite","@id":"https:\/\/www.bridge-consult.eu\/#website","url":"https:\/\/www.bridge-consult.eu\/","name":"Bridge Consult","description":"","potentialAction":[{"@type":"SearchAction","target":{"@type":"EntryPoint","urlTemplate":"https:\/\/www.bridge-consult.eu\/?s={search_term_string}"},"query-input":{"@type":"PropertyValueSpecification","valueRequired":true,"valueName":"search_term_string"}}],"inLanguage":"es"}]}},"_links":{"self":[{"href":"https:\/\/www.bridge-consult.eu\/es\/wp-json\/wp\/v2\/pages\/763","targetHints":{"allow":["GET"]}}],"collection":[{"href":"https:\/\/www.bridge-consult.eu\/es\/wp-json\/wp\/v2\/pages"}],"about":[{"href":"https:\/\/www.bridge-consult.eu\/es\/wp-json\/wp\/v2\/types\/page"}],"author":[{"embeddable":true,"href":"https:\/\/www.bridge-consult.eu\/es\/wp-json\/wp\/v2\/users\/1"}],"replies":[{"embeddable":true,"href":"https:\/\/www.bridge-consult.eu\/es\/wp-json\/wp\/v2\/comments?post=763"}],"version-history":[{"count":0,"href":"https:\/\/www.bridge-consult.eu\/es\/wp-json\/wp\/v2\/pages\/763\/revisions"}],"wp:attachment":[{"href":"https:\/\/www.bridge-consult.eu\/es\/wp-json\/wp\/v2\/media?parent=763"}],"curies":[{"name":"wp","href":"https:\/\/api.w.org\/{rel}","templated":true}]}}