{"id":689,"date":"2020-03-24T07:15:10","date_gmt":"2020-03-24T06:15:10","guid":{"rendered":"http:\/\/dev.bridge-consult.eu\/ueber-uns\/"},"modified":"2024-01-29T14:02:01","modified_gmt":"2024-01-29T13:02:01","slug":"la-empresa","status":"publish","type":"page","link":"https:\/\/www.bridge-consult.eu\/es\/la-empresa\/","title":{"rendered":"La empresa"},"content":{"rendered":"<div class=\"fusion-fullwidth fullwidth-box fusion-builder-row-1 fusion-parallax-fixed nonhundred-percent-fullwidth non-hundred-percent-height-scrolling\" style=\"background-color: rgba(255,255,255,0);background-image: url(&quot;https:\/\/www.bridge-consult.eu\/wp-content\/uploads\/2020\/02\/subpage1.jpg&quot;);background-position: center center;background-repeat: no-repeat;padding-top:11%;padding-right:0px;padding-bottom:8%;padding-left:0px;margin-bottom: 0px;margin-top: 0px;border-width: 0px 0px 0px 0px;border-color:#eae9e9;border-style:solid;-webkit-background-size:cover;-moz-background-size:cover;-o-background-size:cover;background-size:cover;background-attachment:fixed;\" ><div class=\"fusion-builder-row fusion-row\"><div class=\"fusion-layout-column fusion_builder_column fusion-builder-column-0 fusion_builder_column_1_1 1_1 fusion-one-full fusion-column-first fusion-column-last fusion-animated\" style=\"margin-top:0px;margin-bottom:0px;\" data-animationType=\"zoomIn\" data-animationDuration=\"1.0\" data-animationOffset=\"top-into-view\"><div class=\"fusion-column-wrapper fusion-flex-column-wrapper-legacy\" style=\"background-position:left top;background-repeat:no-repeat;-webkit-background-size:cover;-moz-background-size:cover;-o-background-size:cover;background-size:cover;border-radius:0px 120px 0px 0px;background-color:rgba(71,71,71,0.78);border-radius:0px 120px 0px 0px;overflow:hidden;padding: 2% 2% 2% 2%;\"><style type=\"text\/css\">.fusion-breadcrumbs.fusion-breadcrumbs-1{font-size:10px;}.fusion-breadcrumbs.fusion-breadcrumbs-1 span a:hover{color:#ff9800 !important;}.fusion-breadcrumbs.fusion-breadcrumbs-1{color:#ffffff;}.fusion-breadcrumbs.fusion-breadcrumbs-1 a{color:#ffffff;}<\/style><div class=\"fusion-breadcrumbs fusion-breadcrumbs-1\"><span class=\"fusion-breadcrumb-item\"><a href=\"https:\/\/www.bridge-consult.eu\/es\/\" class=\"fusion-breadcrumb-link\"><span >Home<\/span><\/a><\/span><span class=\"fusion-breadcrumb-sep\">\/<\/span><\/div><div class=\"fusion-sep-clear\"><\/div><div class=\"fusion-separator fusion-full-width-sep\" style=\"margin-left: auto;margin-right: auto;margin-bottom:30px;width:100%;\"><div class=\"fusion-separator-border sep-single sep-solid\" style=\"border-color:#ff9800;border-top-width:20px;\"><\/div><\/div><div class=\"fusion-sep-clear\"><\/div><div class=\"fusion-text fusion-text-1\"><h4 style=\"text-align: center;\"><em>EL DESAF\u00cdO NO ES LA META SINO EL CAMINO<\/em><\/h4>\n<\/div><div class=\"fusion-text fusion-text-2\"><p>BRIDGE-CONSULT construye un puente entre la consultor\u00eda estrat\u00e9gica y la consultor\u00eda de procesos. Trabajamos de manera intersectorial, sobre todo para empresas medianas, centr\u00e1ndonos en el establecimiento de una Supply Chain Management (SMC), es decir, de una gesti\u00f3n de la cadena de suministro eficiente y conforme a la estrategia. Nuestro campo de acci\u00f3n es el asesoramiento desde la compra, pasando por el valor a\u00f1adido, hasta la venta, todo ello cubierto por la gesti\u00f3n.<\/p>\n<p>Nuestros conceptos est\u00e1n centrados en el proceso, poseen capacidad de realizaci\u00f3n y est\u00e1n orientados al \u00e9xito. Pero, adem\u00e1s, vamos un paso m\u00e1s all\u00e1. Juntos convertimos estos conceptos en procesos vivos. Esto es lo que nos diferencia.<\/p>\n<p>Tendr\u00e1 a su disposici\u00f3n conocimientos espec\u00edficos y del sector en materia de consultor\u00eda y asesoramiento adquiridos durante m\u00e1s de 26 a\u00f1os. En todo ello, combinamos el cerebro (conceptos estrat\u00e9gicos y conocimiento met\u00f3dico) con el coraz\u00f3n (pasi\u00f3n y voluntad).<\/p>\n<p>Esta combinaci\u00f3n le garantizar\u00e1 un ROI (\u2018retorno sobre la inversi\u00f3n\u2019) r\u00e1pido y, al mismo tiempo, una elevada aceptaci\u00f3n entre sus trabajadores.<\/p>\n<\/div><div class=\"fusion-clearfix\"><\/div><\/div><\/div><\/div><\/div>\n","protected":false},"excerpt":{"rendered":"","protected":false},"author":1,"featured_media":0,"parent":0,"menu_order":0,"comment_status":"closed","ping_status":"closed","template":"100-width.php","meta":{"footnotes":""},"class_list":["post-689","page","type-page","status-publish","hentry"],"yoast_head":"<!-- This site is optimized with the Yoast SEO plugin v24.4 - https:\/\/yoast.com\/wordpress\/plugins\/seo\/ -->\n<title>La empresa - Bridge Consult<\/title>\n<meta name=\"robots\" content=\"index, follow, max-snippet:-1, max-image-preview:large, max-video-preview:-1\" \/>\n<link rel=\"canonical\" href=\"https:\/\/www.bridge-consult.eu\/es\/la-empresa\/\" \/>\n<meta property=\"og:locale\" content=\"es_ES\" \/>\n<meta property=\"og:type\" content=\"article\" \/>\n<meta property=\"og:title\" content=\"La empresa - Bridge Consult\" \/>\n<meta property=\"og:url\" content=\"https:\/\/www.bridge-consult.eu\/es\/la-empresa\/\" \/>\n<meta property=\"og:site_name\" content=\"Bridge Consult\" \/>\n<meta property=\"article:modified_time\" content=\"2024-01-29T13:02:01+00:00\" \/>\n<meta name=\"twitter:card\" content=\"summary_large_image\" \/>\n<meta name=\"twitter:label1\" content=\"Tiempo de lectura\" \/>\n\t<meta name=\"twitter:data1\" content=\"3 minutos\" \/>\n<script type=\"application\/ld+json\" class=\"yoast-schema-graph\">{\"@context\":\"https:\/\/schema.org\",\"@graph\":[{\"@type\":\"WebPage\",\"@id\":\"https:\/\/www.bridge-consult.eu\/es\/la-empresa\/\",\"url\":\"https:\/\/www.bridge-consult.eu\/es\/la-empresa\/\",\"name\":\"La empresa - Bridge Consult\",\"isPartOf\":{\"@id\":\"https:\/\/www.bridge-consult.eu\/#website\"},\"datePublished\":\"2020-03-24T06:15:10+00:00\",\"dateModified\":\"2024-01-29T13:02:01+00:00\",\"breadcrumb\":{\"@id\":\"https:\/\/www.bridge-consult.eu\/es\/la-empresa\/#breadcrumb\"},\"inLanguage\":\"es\",\"potentialAction\":[{\"@type\":\"ReadAction\",\"target\":[\"https:\/\/www.bridge-consult.eu\/es\/la-empresa\/\"]}]},{\"@type\":\"BreadcrumbList\",\"@id\":\"https:\/\/www.bridge-consult.eu\/es\/la-empresa\/#breadcrumb\",\"itemListElement\":[{\"@type\":\"ListItem\",\"position\":1,\"name\":\"Startseite\",\"item\":\"https:\/\/www.bridge-consult.eu\/es\/\"},{\"@type\":\"ListItem\",\"position\":2,\"name\":\"La empresa\"}]},{\"@type\":\"WebSite\",\"@id\":\"https:\/\/www.bridge-consult.eu\/#website\",\"url\":\"https:\/\/www.bridge-consult.eu\/\",\"name\":\"Bridge Consult\",\"description\":\"\",\"potentialAction\":[{\"@type\":\"SearchAction\",\"target\":{\"@type\":\"EntryPoint\",\"urlTemplate\":\"https:\/\/www.bridge-consult.eu\/?s={search_term_string}\"},\"query-input\":{\"@type\":\"PropertyValueSpecification\",\"valueRequired\":true,\"valueName\":\"search_term_string\"}}],\"inLanguage\":\"es\"}]}<\/script>\n<!-- \/ Yoast SEO plugin. -->","yoast_head_json":{"title":"La empresa - Bridge Consult","robots":{"index":"index","follow":"follow","max-snippet":"max-snippet:-1","max-image-preview":"max-image-preview:large","max-video-preview":"max-video-preview:-1"},"canonical":"https:\/\/www.bridge-consult.eu\/es\/la-empresa\/","og_locale":"es_ES","og_type":"article","og_title":"La empresa - Bridge Consult","og_url":"https:\/\/www.bridge-consult.eu\/es\/la-empresa\/","og_site_name":"Bridge Consult","article_modified_time":"2024-01-29T13:02:01+00:00","twitter_card":"summary_large_image","twitter_misc":{"Tiempo de lectura":"3 minutos"},"schema":{"@context":"https:\/\/schema.org","@graph":[{"@type":"WebPage","@id":"https:\/\/www.bridge-consult.eu\/es\/la-empresa\/","url":"https:\/\/www.bridge-consult.eu\/es\/la-empresa\/","name":"La empresa - Bridge Consult","isPartOf":{"@id":"https:\/\/www.bridge-consult.eu\/#website"},"datePublished":"2020-03-24T06:15:10+00:00","dateModified":"2024-01-29T13:02:01+00:00","breadcrumb":{"@id":"https:\/\/www.bridge-consult.eu\/es\/la-empresa\/#breadcrumb"},"inLanguage":"es","potentialAction":[{"@type":"ReadAction","target":["https:\/\/www.bridge-consult.eu\/es\/la-empresa\/"]}]},{"@type":"BreadcrumbList","@id":"https:\/\/www.bridge-consult.eu\/es\/la-empresa\/#breadcrumb","itemListElement":[{"@type":"ListItem","position":1,"name":"Startseite","item":"https:\/\/www.bridge-consult.eu\/es\/"},{"@type":"ListItem","position":2,"name":"La empresa"}]},{"@type":"WebSite","@id":"https:\/\/www.bridge-consult.eu\/#website","url":"https:\/\/www.bridge-consult.eu\/","name":"Bridge Consult","description":"","potentialAction":[{"@type":"SearchAction","target":{"@type":"EntryPoint","urlTemplate":"https:\/\/www.bridge-consult.eu\/?s={search_term_string}"},"query-input":{"@type":"PropertyValueSpecification","valueRequired":true,"valueName":"search_term_string"}}],"inLanguage":"es"}]}},"_links":{"self":[{"href":"https:\/\/www.bridge-consult.eu\/es\/wp-json\/wp\/v2\/pages\/689","targetHints":{"allow":["GET"]}}],"collection":[{"href":"https:\/\/www.bridge-consult.eu\/es\/wp-json\/wp\/v2\/pages"}],"about":[{"href":"https:\/\/www.bridge-consult.eu\/es\/wp-json\/wp\/v2\/types\/page"}],"author":[{"embeddable":true,"href":"https:\/\/www.bridge-consult.eu\/es\/wp-json\/wp\/v2\/users\/1"}],"replies":[{"embeddable":true,"href":"https:\/\/www.bridge-consult.eu\/es\/wp-json\/wp\/v2\/comments?post=689"}],"version-history":[{"count":0,"href":"https:\/\/www.bridge-consult.eu\/es\/wp-json\/wp\/v2\/pages\/689\/revisions"}],"wp:attachment":[{"href":"https:\/\/www.bridge-consult.eu\/es\/wp-json\/wp\/v2\/media?parent=689"}],"curies":[{"name":"wp","href":"https:\/\/api.w.org\/{rel}","templated":true}]}}